{"id":175,"date":"2026-04-01T04:34:16","date_gmt":"2026-04-01T04:34:16","guid":{"rendered":"https:\/\/genexplorador.webtenerife.com\/home-tenerife\/"},"modified":"2026-04-23T16:26:03","modified_gmt":"2026-04-23T16:26:03","slug":"home-tenerife","status":"publish","type":"page","link":"https:\/\/genexplorador.webtenerife.com\/pt-pt\/","title":{"rendered":"Home Tenerife"},"content":{"rendered":"<p>P\u00e1gina criada automaticamente pelo theme Tenerife. O conte\u00fado visual \u00e9 gerido via ACF.<\/p>\n\n\n<p><\/p>\n","protected":false},"excerpt":{"rendered":"<p>P\u00e1gina criada automaticamente pelo theme Tenerife. O conte\u00fado visual \u00e9 gerido via ACF.<\/p>\n","protected":false},"author":1,"featured_media":0,"parent":0,"menu_order":0,"comment_status":"closed","ping_status":"closed","template":"","meta":{"_acf_changed":false,"footnotes":""},"class_list":["post-175","page","type-page","status-publish","hentry"],"acf":[],"_links":{"self":[{"href":"https:\/\/genexplorador.webtenerife.com\/pt-pt\/wp-json\/wp\/v2\/pages\/175","targetHints":{"allow":["GET"]}}],"collection":[{"href":"https:\/\/genexplorador.webtenerife.com\/pt-pt\/wp-json\/wp\/v2\/pages"}],"about":[{"href":"https:\/\/genexplorador.webtenerife.com\/pt-pt\/wp-json\/wp\/v2\/types\/page"}],"author":[{"embeddable":true,"href":"https:\/\/genexplorador.webtenerife.com\/pt-pt\/wp-json\/wp\/v2\/users\/1"}],"replies":[{"embeddable":true,"href":"https:\/\/genexplorador.webtenerife.com\/pt-pt\/wp-json\/wp\/v2\/comments?post=175"}],"version-history":[{"count":46,"href":"https:\/\/genexplorador.webtenerife.com\/pt-pt\/wp-json\/wp\/v2\/pages\/175\/revisions"}],"predecessor-version":[{"id":759,"href":"https:\/\/genexplorador.webtenerife.com\/pt-pt\/wp-json\/wp\/v2\/pages\/175\/revisions\/759"}],"wp:attachment":[{"href":"https:\/\/genexplorador.webtenerife.com\/pt-pt\/wp-json\/wp\/v2\/media?parent=175"}],"curies":[{"name":"wp","href":"https:\/\/api.w.org\/{rel}","templated":true}]}}